{"id":4083,"date":"2026-03-18T17:34:30","date_gmt":"2026-03-18T17:34:30","guid":{"rendered":"https:\/\/platzer-dogsport.de\/?page_id=4083"},"modified":"2026-03-18T17:56:42","modified_gmt":"2026-03-18T17:56:42","slug":"elementor-4083","status":"publish","type":"page","link":"https:\/\/platzer-dogsport.de\/?page_id=4083","title":{"rendered":"Wirkungskreis"},"content":{"rendered":"\t\t<div data-elementor-type=\"wp-page\" data-elementor-id=\"4083\" class=\"elementor elementor-4083\" data-elementor-post-type=\"page\">\n\t\t\t\t<div class=\"elementor-element elementor-element-9d8d297 e-flex e-con-boxed e-con e-parent\" data-id=\"9d8d297\" data-element_type=\"container\" data-e-type=\"container\">\n\t\t\t\t\t<div class=\"e-con-inner\">\n\t\t\t\t<div class=\"elementor-element elementor-element-bdacc62 elementor-widget elementor-widget-heading\" data-id=\"bdacc62\" data-element_type=\"widget\" data-e-type=\"widget\" data-widget_type=\"heading.default\">\n\t\t\t\t\t<h2 class=\"elementor-heading-title elementor-size-default\">Wirkungskreis<\/h2>\t\t\t\t<\/div>\n\t\t\t\t\t<\/div>\n\t\t\t\t<\/div>\n\t\t<div class=\"elementor-element elementor-element-c0a063c e-flex e-con-boxed e-con e-parent\" data-id=\"c0a063c\" data-element_type=\"container\" data-e-type=\"container\">\n\t\t\t\t\t<div class=\"e-con-inner\">\n\t\t\t\t<div class=\"elementor-element elementor-element-a322856 elementor-widget elementor-widget-heading\" data-id=\"a322856\" data-element_type=\"widget\" data-e-type=\"widget\" data-widget_type=\"heading.default\">\n\t\t\t\t\t<h5 class=\"elementor-heading-title elementor-size-default\">- Gerichtlich bestellter Sachverst\u00e4ndiger f\u00fcr das Landgericht Wuppertal<br><br>- Wertgutachten der verschiedensten Art f\u00fcr Privatpersonen<br><br>- Gutachten zur Beurteilung eines Listenhundes der Kategorie 2 nach der Verordnung \u00fcber Hunde mit gesteigerter         Aggressivit\u00e4t und Gef\u00e4hrlichkeit vom 10. Juli 1992 in gesamt Bayern<\/h5>\t\t\t\t<\/div>\n\t\t\t\t\t<\/div>\n\t\t\t\t<\/div>\n\t\t\t\t<\/div>\n\t\t","protected":false},"excerpt":{"rendered":"<p>Wirkungskreis &#8211; Gerichtlich bestellter Sachverst\u00e4ndiger f\u00fcr das Landgericht Wuppertal &#8211; Wertgutachten der verschiedensten Art f\u00fcr Privatpersonen &#8211; Gutachten zur Beurteilung eines Listenhundes der Kategorie 2 nach der Verordnung \u00fcber Hunde mit gesteigerter Aggressivit\u00e4t und Gef\u00e4hrlichkeit vom 10. Juli 1992 in gesamt Bayern<\/p>\n","protected":false},"author":1,"featured_media":0,"parent":0,"menu_order":0,"comment_status":"closed","ping_status":"closed","template":"","meta":{"_crdt_document":"","site-sidebar-layout":"no-sidebar","site-content-layout":"page-builder","ast-site-content-layout":"full-width-container","site-content-style":"unboxed","site-sidebar-style":"unboxed","ast-global-header-display":"","ast-banner-title-visibility":"","ast-main-header-display":"","ast-hfb-above-header-display":"","ast-hfb-below-header-display":"","ast-hfb-mobile-header-display":"","site-post-title":"","ast-breadcrumbs-content":"","ast-featured-img":"disabled","footer-sml-layout":"","ast-disable-related-posts":"","theme-transparent-header-meta":"default","adv-header-id-meta":"","stick-header-meta":"","header-above-stick-meta":"","header-main-stick-meta":"","header-below-stick-meta":"","astra-migrate-meta-layouts":"set","ast-page-background-enabled":"default","ast-page-background-meta":{"desktop":{"background-color":"var(--ast-global-color-4)","background-image":"","background-repeat":"repeat","background-position":"center center","background-size":"auto","background-attachment":"scroll","background-type":"","background-media":"","overlay-type":"","overlay-color":"","overlay-opacity":"","overlay-gradient":""},"tablet":{"background-color":"","background-image":"","background-repeat":"repeat","background-position":"center center","background-size":"auto","background-attachment":"scroll","background-type":"","background-media":"","overlay-type":"","overlay-color":"","overlay-opacity":"","overlay-gradient":""},"mobile":{"background-color":"","background-image":"","background-repeat":"repeat","background-position":"center center","background-size":"auto","background-attachment":"scroll","background-type":"","background-media":"","overlay-type":"","overlay-color":"","overlay-opacity":"","overlay-gradient":""}},"ast-content-background-meta":{"desktop":{"background-color":"var(--ast-global-color-5)","background-image":"","background-repeat":"repeat","background-position":"center center","background-size":"auto","background-attachment":"scroll","background-type":"","background-media":"","overlay-type":"","overlay-color":"","overlay-opacity":"","overlay-gradient":""},"tablet":{"background-color":"var(--ast-global-color-5)","background-image":"","background-repeat":"repeat","background-position":"center center","background-size":"auto","background-attachment":"scroll","background-type":"","background-media":"","overlay-type":"","overlay-color":"","overlay-opacity":"","overlay-gradient":""},"mobile":{"background-color":"var(--ast-global-color-5)","background-image":"","background-repeat":"repeat","background-position":"center center","background-size":"auto","background-attachment":"scroll","background-type":"","background-media":"","overlay-type":"","overlay-color":"","overlay-opacity":"","overlay-gradient":""}},"footnotes":""},"class_list":["post-4083","page","type-page","status-publish","hentry"],"yoast_head":"<!-- This site is optimized with the Yoast SEO plugin v27.5 - https:\/\/yoast.com\/product\/yoast-seo-wordpress\/ -->\n<title>Wirkungskreis - Platzer Dogsport<\/title>\n<meta name=\"description\" content=\"Training von Hunden f\u00fcr den Alltag und Training von sogenannten Problemhunden und auff\u00e4lligen Hunden. Waging am See.\" \/>\n<meta name=\"robots\" content=\"index, follow, max-snippet:-1, max-image-preview:large, max-video-preview:-1\" \/>\n<link rel=\"canonical\" href=\"https:\/\/platzer-dogsport.de\/?page_id=4083\" \/>\n<meta property=\"og:locale\" content=\"de_DE\" \/>\n<meta property=\"og:type\" content=\"article\" \/>\n<meta property=\"og:title\" content=\"Wirkungskreis - Platzer Dogsport\" \/>\n<meta property=\"og:description\" content=\"Training von Hunden f\u00fcr den Alltag und Training von sogenannten Problemhunden und auff\u00e4lligen Hunden. Waging am See.\" \/>\n<meta property=\"og:url\" content=\"https:\/\/platzer-dogsport.de\/?page_id=4083\" \/>\n<meta property=\"og:site_name\" content=\"Platzer Dogsport\" \/>\n<meta property=\"article:publisher\" content=\"https:\/\/www.facebook.com\/profile.php?id=100089860960263\" \/>\n<meta property=\"article:modified_time\" content=\"2026-03-18T17:56:42+00:00\" \/>\n<meta name=\"twitter:card\" content=\"summary_large_image\" \/>\n<meta name=\"twitter:label1\" content=\"Gesch\u00e4tzte Lesezeit\" \/>\n\t<meta name=\"twitter:data1\" content=\"1\u00a0Minute\" \/>\n<script type=\"application\/ld+json\" class=\"yoast-schema-graph\">{\"@context\":\"https:\\\/\\\/schema.org\",\"@graph\":[{\"@type\":\"WebPage\",\"@id\":\"https:\\\/\\\/platzer-dogsport.de\\\/?page_id=4083\",\"url\":\"https:\\\/\\\/platzer-dogsport.de\\\/?page_id=4083\",\"name\":\"Wirkungskreis - Platzer Dogsport\",\"isPartOf\":{\"@id\":\"https:\\\/\\\/platzer-dogsport.de\\\/#website\"},\"datePublished\":\"2026-03-18T17:34:30+00:00\",\"dateModified\":\"2026-03-18T17:56:42+00:00\",\"description\":\"Training von Hunden f\u00fcr den Alltag und Training von sogenannten Problemhunden und auff\u00e4lligen Hunden. Waging am See.\",\"breadcrumb\":{\"@id\":\"https:\\\/\\\/platzer-dogsport.de\\\/?page_id=4083#breadcrumb\"},\"inLanguage\":\"de\",\"potentialAction\":[{\"@type\":\"ReadAction\",\"target\":[\"https:\\\/\\\/platzer-dogsport.de\\\/?page_id=4083\"]}]},{\"@type\":\"BreadcrumbList\",\"@id\":\"https:\\\/\\\/platzer-dogsport.de\\\/?page_id=4083#breadcrumb\",\"itemListElement\":[{\"@type\":\"ListItem\",\"position\":1,\"name\":\"Startseite\",\"item\":\"https:\\\/\\\/platzer-dogsport.de\\\/\"},{\"@type\":\"ListItem\",\"position\":2,\"name\":\"Wirkungskreis\"}]},{\"@type\":\"WebSite\",\"@id\":\"https:\\\/\\\/platzer-dogsport.de\\\/#website\",\"url\":\"https:\\\/\\\/platzer-dogsport.de\\\/\",\"name\":\"www.platzer-dogsport.de\",\"description\":\"EU-Zertifizierter Sachverst\u00e4ndiger nach DIN EN ISO\\\/IEC 17024\",\"publisher\":{\"@id\":\"https:\\\/\\\/platzer-dogsport.de\\\/#organization\"},\"potentialAction\":[{\"@type\":\"SearchAction\",\"target\":{\"@type\":\"EntryPoint\",\"urlTemplate\":\"https:\\\/\\\/platzer-dogsport.de\\\/?s={search_term_string}\"},\"query-input\":{\"@type\":\"PropertyValueSpecification\",\"valueRequired\":true,\"valueName\":\"search_term_string\"}}],\"inLanguage\":\"de\"},{\"@type\":\"Organization\",\"@id\":\"https:\\\/\\\/platzer-dogsport.de\\\/#organization\",\"name\":\"www.platzer-dogsport.de\",\"url\":\"https:\\\/\\\/platzer-dogsport.de\\\/\",\"logo\":{\"@type\":\"ImageObject\",\"inLanguage\":\"de\",\"@id\":\"https:\\\/\\\/platzer-dogsport.de\\\/#\\\/schema\\\/logo\\\/image\\\/\",\"url\":\"https:\\\/\\\/platzer-dogsport.de\\\/wp-content\\\/uploads\\\/2025\\\/01\\\/cropped-Sachverstaendiger-Dogsport_sw-scaled-1.jpg\",\"contentUrl\":\"https:\\\/\\\/platzer-dogsport.de\\\/wp-content\\\/uploads\\\/2025\\\/01\\\/cropped-Sachverstaendiger-Dogsport_sw-scaled-1.jpg\",\"width\":2558,\"height\":1739,\"caption\":\"www.platzer-dogsport.de\"},\"image\":{\"@id\":\"https:\\\/\\\/platzer-dogsport.de\\\/#\\\/schema\\\/logo\\\/image\\\/\"},\"sameAs\":[\"https:\\\/\\\/www.facebook.com\\\/profile.php?id=100089860960263\"]}]}<\/script>\n<!-- \/ Yoast SEO plugin. -->","yoast_head_json":{"title":"Wirkungskreis - Platzer Dogsport","description":"Training von Hunden f\u00fcr den Alltag und Training von sogenannten Problemhunden und auff\u00e4lligen Hunden. Waging am See.","robots":{"index":"index","follow":"follow","max-snippet":"max-snippet:-1","max-image-preview":"max-image-preview:large","max-video-preview":"max-video-preview:-1"},"canonical":"https:\/\/platzer-dogsport.de\/?page_id=4083","og_locale":"de_DE","og_type":"article","og_title":"Wirkungskreis - Platzer Dogsport","og_description":"Training von Hunden f\u00fcr den Alltag und Training von sogenannten Problemhunden und auff\u00e4lligen Hunden. Waging am See.","og_url":"https:\/\/platzer-dogsport.de\/?page_id=4083","og_site_name":"Platzer Dogsport","article_publisher":"https:\/\/www.facebook.com\/profile.php?id=100089860960263","article_modified_time":"2026-03-18T17:56:42+00:00","twitter_card":"summary_large_image","twitter_misc":{"Gesch\u00e4tzte Lesezeit":"1\u00a0Minute"},"schema":{"@context":"https:\/\/schema.org","@graph":[{"@type":"WebPage","@id":"https:\/\/platzer-dogsport.de\/?page_id=4083","url":"https:\/\/platzer-dogsport.de\/?page_id=4083","name":"Wirkungskreis - Platzer Dogsport","isPartOf":{"@id":"https:\/\/platzer-dogsport.de\/#website"},"datePublished":"2026-03-18T17:34:30+00:00","dateModified":"2026-03-18T17:56:42+00:00","description":"Training von Hunden f\u00fcr den Alltag und Training von sogenannten Problemhunden und auff\u00e4lligen Hunden. Waging am See.","breadcrumb":{"@id":"https:\/\/platzer-dogsport.de\/?page_id=4083#breadcrumb"},"inLanguage":"de","potentialAction":[{"@type":"ReadAction","target":["https:\/\/platzer-dogsport.de\/?page_id=4083"]}]},{"@type":"BreadcrumbList","@id":"https:\/\/platzer-dogsport.de\/?page_id=4083#breadcrumb","itemListElement":[{"@type":"ListItem","position":1,"name":"Startseite","item":"https:\/\/platzer-dogsport.de\/"},{"@type":"ListItem","position":2,"name":"Wirkungskreis"}]},{"@type":"WebSite","@id":"https:\/\/platzer-dogsport.de\/#website","url":"https:\/\/platzer-dogsport.de\/","name":"www.platzer-dogsport.de","description":"EU-Zertifizierter Sachverst\u00e4ndiger nach DIN EN ISO\/IEC 17024","publisher":{"@id":"https:\/\/platzer-dogsport.de\/#organization"},"potentialAction":[{"@type":"SearchAction","target":{"@type":"EntryPoint","urlTemplate":"https:\/\/platzer-dogsport.de\/?s={search_term_string}"},"query-input":{"@type":"PropertyValueSpecification","valueRequired":true,"valueName":"search_term_string"}}],"inLanguage":"de"},{"@type":"Organization","@id":"https:\/\/platzer-dogsport.de\/#organization","name":"www.platzer-dogsport.de","url":"https:\/\/platzer-dogsport.de\/","logo":{"@type":"ImageObject","inLanguage":"de","@id":"https:\/\/platzer-dogsport.de\/#\/schema\/logo\/image\/","url":"https:\/\/platzer-dogsport.de\/wp-content\/uploads\/2025\/01\/cropped-Sachverstaendiger-Dogsport_sw-scaled-1.jpg","contentUrl":"https:\/\/platzer-dogsport.de\/wp-content\/uploads\/2025\/01\/cropped-Sachverstaendiger-Dogsport_sw-scaled-1.jpg","width":2558,"height":1739,"caption":"www.platzer-dogsport.de"},"image":{"@id":"https:\/\/platzer-dogsport.de\/#\/schema\/logo\/image\/"},"sameAs":["https:\/\/www.facebook.com\/profile.php?id=100089860960263"]}]}},"_links":{"self":[{"href":"https:\/\/platzer-dogsport.de\/index.php?rest_route=\/wp\/v2\/pages\/4083","targetHints":{"allow":["GET"]}}],"collection":[{"href":"https:\/\/platzer-dogsport.de\/index.php?rest_route=\/wp\/v2\/pages"}],"about":[{"href":"https:\/\/platzer-dogsport.de\/index.php?rest_route=\/wp\/v2\/types\/page"}],"author":[{"embeddable":true,"href":"https:\/\/platzer-dogsport.de\/index.php?rest_route=\/wp\/v2\/users\/1"}],"replies":[{"embeddable":true,"href":"https:\/\/platzer-dogsport.de\/index.php?rest_route=%2Fwp%2Fv2%2Fcomments&post=4083"}],"version-history":[{"count":13,"href":"https:\/\/platzer-dogsport.de\/index.php?rest_route=\/wp\/v2\/pages\/4083\/revisions"}],"predecessor-version":[{"id":4110,"href":"https:\/\/platzer-dogsport.de\/index.php?rest_route=\/wp\/v2\/pages\/4083\/revisions\/4110"}],"wp:attachment":[{"href":"https:\/\/platzer-dogsport.de\/index.php?rest_route=%2Fwp%2Fv2%2Fmedia&parent=4083"}],"curies":[{"name":"wp","href":"https:\/\/api.w.org\/{rel}","templated":true}]}}