{"id":1019,"date":"2023-01-25T19:29:23","date_gmt":"2023-01-25T19:29:23","guid":{"rendered":"https:\/\/platzer-dogsport.de\/?page_id=1019"},"modified":"2024-12-03T17:21:54","modified_gmt":"2024-12-03T17:21:54","slug":"lehrgaenge","status":"publish","type":"page","link":"https:\/\/platzer-dogsport.de\/?page_id=1019","title":{"rendered":"Lehrg\u00e4nge"},"content":{"rendered":"\t\t<div data-elementor-type=\"wp-page\" data-elementor-id=\"1019\" class=\"elementor elementor-1019\" data-elementor-post-type=\"page\">\n\t\t\t\t<div class=\"elementor-element elementor-element-d857ad3 e-grid e-con-boxed e-con e-parent\" data-id=\"d857ad3\" data-element_type=\"container\" data-e-type=\"container\">\n\t\t\t\t\t<div class=\"e-con-inner\">\n\t\t\t\t<div class=\"elementor-element elementor-element-70bf78b elementor-widget elementor-widget-image\" data-id=\"70bf78b\" data-element_type=\"widget\" data-e-type=\"widget\" data-widget_type=\"image.default\">\n\t\t\t\t\t\t\t\t\t\t\t\t\t\t\t\t<a href=\"https:\/\/platzer-dogsport.de\/wp-content\/uploads\/2024\/08\/Platzer-Hans-Gunter-EUcert-Zertifikat_1-24-1117.jpg\" data-elementor-open-lightbox=\"yes\" data-elementor-lightbox-title=\"Platzer Hans-Gunter EUcert Zertifikat_1-24-1117\" data-e-action-hash=\"#elementor-action%3Aaction%3Dlightbox%26settings%3DeyJpZCI6MzYwOCwidXJsIjoiaHR0cHM6XC9cL3BsYXR6ZXItZG9nc3BvcnQuZGVcL3dwLWNvbnRlbnRcL3VwbG9hZHNcLzIwMjRcLzA4XC9QbGF0emVyLUhhbnMtR3VudGVyLUVVY2VydC1aZXJ0aWZpa2F0XzEtMjQtMTExNy5qcGcifQ%3D%3D\">\n\t\t\t\t\t\t\t<img fetchpriority=\"high\" decoding=\"async\" width=\"724\" height=\"1024\" src=\"https:\/\/platzer-dogsport.de\/wp-content\/uploads\/2024\/08\/Platzer-Hans-Gunter-EUcert-Zertifikat_1-24-1117-724x1024.jpg\" class=\"attachment-large size-large wp-image-3608\" alt=\"\" srcset=\"https:\/\/platzer-dogsport.de\/wp-content\/uploads\/2024\/08\/Platzer-Hans-Gunter-EUcert-Zertifikat_1-24-1117-724x1024.jpg 724w, https:\/\/platzer-dogsport.de\/wp-content\/uploads\/2024\/08\/Platzer-Hans-Gunter-EUcert-Zertifikat_1-24-1117-212x300.jpg 212w, https:\/\/platzer-dogsport.de\/wp-content\/uploads\/2024\/08\/Platzer-Hans-Gunter-EUcert-Zertifikat_1-24-1117-768x1087.jpg 768w, https:\/\/platzer-dogsport.de\/wp-content\/uploads\/2024\/08\/Platzer-Hans-Gunter-EUcert-Zertifikat_1-24-1117-1085x1536.jpg 1085w, https:\/\/platzer-dogsport.de\/wp-content\/uploads\/2024\/08\/Platzer-Hans-Gunter-EUcert-Zertifikat_1-24-1117.jpg 1190w\" sizes=\"(max-width: 724px) 100vw, 724px\" \/>\t\t\t\t\t\t\t\t<\/a>\n\t\t\t\t\t\t\t\t\t\t\t\t\t\t\t<\/div>\n\t\t\t\t<div class=\"elementor-element elementor-element-4c32507 elementor-widget elementor-widget-image\" data-id=\"4c32507\" data-element_type=\"widget\" data-e-type=\"widget\" data-widget_type=\"image.default\">\n\t\t\t\t\t\t\t\t\t\t\t\t\t\t\t\t<a href=\"https:\/\/platzer-dogsport.de\/wp-content\/uploads\/2024\/08\/Platzer-Hans-Gunter-EUcert-Siegel-3D.jpg\" data-elementor-open-lightbox=\"yes\" data-elementor-lightbox-title=\"Platzer-Hans-Gunter-EUcert-Siegel-3D\" data-e-action-hash=\"#elementor-action%3Aaction%3Dlightbox%26settings%3DeyJpZCI6MzYwNSwidXJsIjoiaHR0cHM6XC9cL3BsYXR6ZXItZG9nc3BvcnQuZGVcL3dwLWNvbnRlbnRcL3VwbG9hZHNcLzIwMjRcLzA4XC9QbGF0emVyLUhhbnMtR3VudGVyLUVVY2VydC1TaWVnZWwtM0QuanBnIn0%3D\">\n\t\t\t\t\t\t\t<img decoding=\"async\" width=\"295\" height=\"298\" src=\"https:\/\/platzer-dogsport.de\/wp-content\/uploads\/2024\/08\/Platzer-Hans-Gunter-EUcert-Siegel-3D.jpg\" class=\"attachment-large size-large wp-image-3605\" alt=\"\" \/>\t\t\t\t\t\t\t\t<\/a>\n\t\t\t\t\t\t\t\t\t\t\t\t\t\t\t<\/div>\n\t\t\t\t<div class=\"elementor-element elementor-element-571b570 elementor-widget elementor-widget-image\" data-id=\"571b570\" data-element_type=\"widget\" data-e-type=\"widget\" data-widget_type=\"image.default\">\n\t\t\t\t\t\t\t\t\t\t\t\t\t\t\t\t<a href=\"https:\/\/platzer-dogsport.de\/wp-content\/uploads\/2024\/08\/Platzer-Hans-Gunter-EUcert-Logo.jpg\" data-elementor-open-lightbox=\"yes\" data-elementor-lightbox-title=\"Platzer-Hans-Gunter-EUcert-Logo\" data-e-action-hash=\"#elementor-action%3Aaction%3Dlightbox%26settings%3DeyJpZCI6MzYwNCwidXJsIjoiaHR0cHM6XC9cL3BsYXR6ZXItZG9nc3BvcnQuZGVcL3dwLWNvbnRlbnRcL3VwbG9hZHNcLzIwMjRcLzA4XC9QbGF0emVyLUhhbnMtR3VudGVyLUVVY2VydC1Mb2dvLmpwZyJ9\">\n\t\t\t\t\t\t\t<img decoding=\"async\" width=\"821\" height=\"281\" src=\"https:\/\/platzer-dogsport.de\/wp-content\/uploads\/2024\/08\/Platzer-Hans-Gunter-EUcert-Logo.jpg\" class=\"attachment-large size-large wp-image-3604\" alt=\"\" srcset=\"https:\/\/platzer-dogsport.de\/wp-content\/uploads\/2024\/08\/Platzer-Hans-Gunter-EUcert-Logo.jpg 821w, https:\/\/platzer-dogsport.de\/wp-content\/uploads\/2024\/08\/Platzer-Hans-Gunter-EUcert-Logo-300x103.jpg 300w, https:\/\/platzer-dogsport.de\/wp-content\/uploads\/2024\/08\/Platzer-Hans-Gunter-EUcert-Logo-768x263.jpg 768w\" sizes=\"(max-width: 821px) 100vw, 821px\" \/>\t\t\t\t\t\t\t\t<\/a>\n\t\t\t\t\t\t\t\t\t\t\t\t\t\t\t<\/div>\n\t\t\t\t<div class=\"elementor-element elementor-element-54c5f9a elementor-widget elementor-widget-image\" data-id=\"54c5f9a\" data-element_type=\"widget\" data-e-type=\"widget\" data-widget_type=\"image.default\">\n\t\t\t\t\t\t\t\t\t\t\t\t\t\t\t\t<a href=\"https:\/\/platzer-dogsport.de\/wp-content\/uploads\/2024\/12\/BDSF-Urkunde.jpg\" data-elementor-open-lightbox=\"yes\" data-elementor-lightbox-title=\"BDSF Urkunde\" data-e-action-hash=\"#elementor-action%3Aaction%3Dlightbox%26settings%3DeyJpZCI6MzgyNSwidXJsIjoiaHR0cHM6XC9cL3BsYXR6ZXItZG9nc3BvcnQuZGVcL3dwLWNvbnRlbnRcL3VwbG9hZHNcLzIwMjRcLzEyXC9CRFNGLVVya3VuZGUuanBnIn0%3D\">\n\t\t\t\t\t\t\t<img loading=\"lazy\" decoding=\"async\" width=\"716\" height=\"1024\" src=\"https:\/\/platzer-dogsport.de\/wp-content\/uploads\/2024\/12\/BDSF-Urkunde-716x1024.jpg\" class=\"attachment-large size-large wp-image-3825\" alt=\"\" srcset=\"https:\/\/platzer-dogsport.de\/wp-content\/uploads\/2024\/12\/BDSF-Urkunde-716x1024.jpg 716w, https:\/\/platzer-dogsport.de\/wp-content\/uploads\/2024\/12\/BDSF-Urkunde-210x300.jpg 210w, https:\/\/platzer-dogsport.de\/wp-content\/uploads\/2024\/12\/BDSF-Urkunde-768x1098.jpg 768w, https:\/\/platzer-dogsport.de\/wp-content\/uploads\/2024\/12\/BDSF-Urkunde-1074x1536.jpg 1074w, https:\/\/platzer-dogsport.de\/wp-content\/uploads\/2024\/12\/BDSF-Urkunde-1432x2048.jpg 1432w, https:\/\/platzer-dogsport.de\/wp-content\/uploads\/2024\/12\/BDSF-Urkunde.jpg 1600w\" sizes=\"(max-width: 716px) 100vw, 716px\" \/>\t\t\t\t\t\t\t\t<\/a>\n\t\t\t\t\t\t\t\t\t\t\t\t\t\t\t<\/div>\n\t\t\t\t<div class=\"elementor-element elementor-element-0b4cdcf elementor-widget elementor-widget-image\" data-id=\"0b4cdcf\" data-element_type=\"widget\" data-e-type=\"widget\" data-widget_type=\"image.default\">\n\t\t\t\t\t\t\t\t\t\t\t\t\t\t\t\t<a href=\"https:\/\/platzer-dogsport.de\/wp-content\/uploads\/2024\/09\/DGUSV-Eurozertifikat.jpg\" data-elementor-open-lightbox=\"yes\" data-elementor-lightbox-title=\"DGUSV-Eurozertifikat\" data-e-action-hash=\"#elementor-action%3Aaction%3Dlightbox%26settings%3DeyJpZCI6MzY1OCwidXJsIjoiaHR0cHM6XC9cL3BsYXR6ZXItZG9nc3BvcnQuZGVcL3dwLWNvbnRlbnRcL3VwbG9hZHNcLzIwMjRcLzA5XC9ER1VTVi1FdXJvemVydGlmaWthdC5qcGcifQ%3D%3D\">\n\t\t\t\t\t\t\t<img loading=\"lazy\" decoding=\"async\" width=\"716\" height=\"1024\" src=\"https:\/\/platzer-dogsport.de\/wp-content\/uploads\/2024\/09\/DGUSV-Eurozertifikat-716x1024.jpg\" class=\"attachment-large size-large wp-image-3658\" alt=\"\" srcset=\"https:\/\/platzer-dogsport.de\/wp-content\/uploads\/2024\/09\/DGUSV-Eurozertifikat-716x1024.jpg 716w, https:\/\/platzer-dogsport.de\/wp-content\/uploads\/2024\/09\/DGUSV-Eurozertifikat-210x300.jpg 210w, https:\/\/platzer-dogsport.de\/wp-content\/uploads\/2024\/09\/DGUSV-Eurozertifikat-768x1098.jpg 768w, https:\/\/platzer-dogsport.de\/wp-content\/uploads\/2024\/09\/DGUSV-Eurozertifikat-1074x1536.jpg 1074w, https:\/\/platzer-dogsport.de\/wp-content\/uploads\/2024\/09\/DGUSV-Eurozertifikat-1432x2048.jpg 1432w, https:\/\/platzer-dogsport.de\/wp-content\/uploads\/2024\/09\/DGUSV-Eurozertifikat.jpg 1600w\" sizes=\"(max-width: 716px) 100vw, 716px\" \/>\t\t\t\t\t\t\t\t<\/a>\n\t\t\t\t\t\t\t\t\t\t\t\t\t\t\t<\/div>\n\t\t\t\t<div class=\"elementor-element elementor-element-0084951 elementor-widget elementor-widget-image\" data-id=\"0084951\" data-element_type=\"widget\" data-e-type=\"widget\" data-widget_type=\"image.default\">\n\t\t\t\t\t\t\t\t\t\t\t\t\t\t\t\t<a href=\"https:\/\/platzer-dogsport.de\/wp-content\/uploads\/2024\/09\/Sachkunde-Sachverstaendiger.jpg\" data-elementor-open-lightbox=\"yes\" data-elementor-lightbox-title=\"Sachkunde Sachverst\u00e4ndiger\" data-e-action-hash=\"#elementor-action%3Aaction%3Dlightbox%26settings%3DeyJpZCI6MzY4NCwidXJsIjoiaHR0cHM6XC9cL3BsYXR6ZXItZG9nc3BvcnQuZGVcL3dwLWNvbnRlbnRcL3VwbG9hZHNcLzIwMjRcLzA5XC9TYWNoa3VuZGUtU2FjaHZlcnN0YWVuZGlnZXIuanBnIn0%3D\">\n\t\t\t\t\t\t\t<img loading=\"lazy\" decoding=\"async\" width=\"716\" height=\"1024\" src=\"https:\/\/platzer-dogsport.de\/wp-content\/uploads\/2024\/09\/Sachkunde-Sachverstaendiger-716x1024.jpg\" class=\"attachment-large size-large wp-image-3684\" alt=\"\" srcset=\"https:\/\/platzer-dogsport.de\/wp-content\/uploads\/2024\/09\/Sachkunde-Sachverstaendiger-716x1024.jpg 716w, https:\/\/platzer-dogsport.de\/wp-content\/uploads\/2024\/09\/Sachkunde-Sachverstaendiger-210x300.jpg 210w, https:\/\/platzer-dogsport.de\/wp-content\/uploads\/2024\/09\/Sachkunde-Sachverstaendiger-768x1098.jpg 768w, https:\/\/platzer-dogsport.de\/wp-content\/uploads\/2024\/09\/Sachkunde-Sachverstaendiger-1074x1536.jpg 1074w, https:\/\/platzer-dogsport.de\/wp-content\/uploads\/2024\/09\/Sachkunde-Sachverstaendiger-1432x2048.jpg 1432w, https:\/\/platzer-dogsport.de\/wp-content\/uploads\/2024\/09\/Sachkunde-Sachverstaendiger.jpg 1600w\" sizes=\"(max-width: 716px) 100vw, 716px\" \/>\t\t\t\t\t\t\t\t<\/a>\n\t\t\t\t\t\t\t\t\t\t\t\t\t\t\t<\/div>\n\t\t\t\t\t<\/div>\n\t\t\t\t<\/div>\n\t\t\t\t<\/div>\n\t\t","protected":false},"excerpt":{"rendered":"","protected":false},"author":1,"featured_media":0,"parent":0,"menu_order":0,"comment_status":"closed","ping_status":"closed","template":"","meta":{"_crdt_document":"","site-sidebar-layout":"no-sidebar","site-content-layout":"page-builder","ast-site-content-layout":"full-width-container","site-content-style":"default","site-sidebar-style":"default","ast-global-header-display":"","ast-banner-title-visibility":"","ast-main-header-display":"","ast-hfb-above-header-display":"","ast-hfb-below-header-display":"","ast-hfb-mobile-header-display":"","site-post-title":"disabled","ast-breadcrumbs-content":"","ast-featured-img":"disabled","footer-sml-layout":"","ast-disable-related-posts":"","theme-transparent-header-meta":"default","adv-header-id-meta":"","stick-header-meta":"","header-above-stick-meta":"","header-main-stick-meta":"","header-below-stick-meta":"","astra-migrate-meta-layouts":"default","ast-page-background-enabled":"default","ast-page-background-meta":{"desktop":{"background-color":"var(--ast-global-color-4)","background-image":"","background-repeat":"repeat","background-position":"center center","background-size":"auto","background-attachment":"scroll","background-type":"","background-media":"","overlay-type":"","overlay-color":"","overlay-opacity":"","overlay-gradient":""},"tablet":{"background-color":"","background-image":"","background-repeat":"repeat","background-position":"center center","background-size":"auto","background-attachment":"scroll","background-type":"","background-media":"","overlay-type":"","overlay-color":"","overlay-opacity":"","overlay-gradient":""},"mobile":{"background-color":"","background-image":"","background-repeat":"repeat","background-position":"center center","background-size":"auto","background-attachment":"scroll","background-type":"","background-media":"","overlay-type":"","overlay-color":"","overlay-opacity":"","overlay-gradient":""}},"ast-content-background-meta":{"desktop":{"background-color":"var(--ast-global-color-5)","background-image":"","background-repeat":"repeat","background-position":"center center","background-size":"auto","background-attachment":"scroll","background-type":"","background-media":"","overlay-type":"","overlay-color":"","overlay-opacity":"","overlay-gradient":""},"tablet":{"background-color":"var(--ast-global-color-5)","background-image":"","background-repeat":"repeat","background-position":"center center","background-size":"auto","background-attachment":"scroll","background-type":"","background-media":"","overlay-type":"","overlay-color":"","overlay-opacity":"","overlay-gradient":""},"mobile":{"background-color":"var(--ast-global-color-5)","background-image":"","background-repeat":"repeat","background-position":"center center","background-size":"auto","background-attachment":"scroll","background-type":"","background-media":"","overlay-type":"","overlay-color":"","overlay-opacity":"","overlay-gradient":""}},"footnotes":""},"class_list":["post-1019","page","type-page","status-publish","hentry"],"yoast_head":"<!-- This site is optimized with the Yoast SEO plugin v27.3 - https:\/\/yoast.com\/product\/yoast-seo-wordpress\/ -->\n<title>Lehrg\u00e4ngeLehrg\u00e4nge - Platzer Dogsport<\/title>\n<meta name=\"description\" content=\"Lehrg\u00e4nge,Hundetraining Waging Traunstein Trostberg Chiemgau Rupertiwinkel, Waging Hundetraining,Platzer Dogsport EU-Zertifizierter Sachverst\u00e4ndiger nach DIN EN ISO\/IEC 17024 Hundetrainer Waging,Platzer Hundetrainer,Problemhunde,Auff\u00e4llige Hunde,Hundesport,Qualifizierter Hundetrainer,Waging am See,Hunde,Zucht,\u00a711 Tierschutzgesetz,\u00a711 TierSchG,Schutzhundesport,Hundetraining,Leinenf\u00fchrigkeit,Jagdverhalten, Hundetrainer,Onlinetraining,\" \/>\n<meta name=\"robots\" content=\"index, follow, max-snippet:-1, max-image-preview:large, max-video-preview:-1\" \/>\n<link rel=\"canonical\" href=\"https:\/\/platzer-dogsport.de\/?page_id=1019\" \/>\n<meta property=\"og:locale\" content=\"de_DE\" \/>\n<meta property=\"og:type\" content=\"article\" \/>\n<meta property=\"og:title\" content=\"Lehrg\u00e4ngeLehrg\u00e4nge - Platzer Dogsport\" \/>\n<meta property=\"og:description\" content=\"Lehrg\u00e4nge,Hundetraining Waging Traunstein Trostberg Chiemgau Rupertiwinkel, Waging Hundetraining,Platzer Dogsport EU-Zertifizierter Sachverst\u00e4ndiger nach DIN EN ISO\/IEC 17024 Hundetrainer Waging,Platzer Hundetrainer,Problemhunde,Auff\u00e4llige Hunde,Hundesport,Qualifizierter Hundetrainer,Waging am See,Hunde,Zucht,\u00a711 Tierschutzgesetz,\u00a711 TierSchG,Schutzhundesport,Hundetraining,Leinenf\u00fchrigkeit,Jagdverhalten, Hundetrainer,Onlinetraining,\" \/>\n<meta property=\"og:url\" content=\"https:\/\/platzer-dogsport.de\/?page_id=1019\" \/>\n<meta property=\"og:site_name\" content=\"Platzer Dogsport\" \/>\n<meta property=\"article:publisher\" content=\"https:\/\/www.facebook.com\/profile.php?id=100089860960263\" \/>\n<meta property=\"article:modified_time\" content=\"2024-12-03T17:21:54+00:00\" \/>\n<meta property=\"og:image\" content=\"https:\/\/platzer-dogsport.de\/wp-content\/uploads\/2024\/08\/Platzer-Hans-Gunter-EUcert-Zertifikat_1-24-1117.jpg\" \/>\n\t<meta property=\"og:image:width\" content=\"1190\" \/>\n\t<meta property=\"og:image:height\" content=\"1684\" \/>\n\t<meta property=\"og:image:type\" content=\"image\/jpeg\" \/>\n<meta name=\"twitter:card\" content=\"summary_large_image\" \/>\n<meta name=\"twitter:label1\" content=\"Gesch\u00e4tzte Lesezeit\" \/>\n\t<meta name=\"twitter:data1\" content=\"2\u00a0Minuten\" \/>\n<script type=\"application\/ld+json\" class=\"yoast-schema-graph\">{\"@context\":\"https:\\\/\\\/schema.org\",\"@graph\":[{\"@type\":\"WebPage\",\"@id\":\"https:\\\/\\\/platzer-dogsport.de\\\/?page_id=1019\",\"url\":\"https:\\\/\\\/platzer-dogsport.de\\\/?page_id=1019\",\"name\":\"Lehrg\u00e4ngeLehrg\u00e4nge - Platzer Dogsport\",\"isPartOf\":{\"@id\":\"https:\\\/\\\/platzer-dogsport.de\\\/#website\"},\"primaryImageOfPage\":{\"@id\":\"https:\\\/\\\/platzer-dogsport.de\\\/?page_id=1019#primaryimage\"},\"image\":{\"@id\":\"https:\\\/\\\/platzer-dogsport.de\\\/?page_id=1019#primaryimage\"},\"thumbnailUrl\":\"https:\\\/\\\/platzer-dogsport.de\\\/wp-content\\\/uploads\\\/2024\\\/08\\\/Platzer-Hans-Gunter-EUcert-Zertifikat_1-24-1117-724x1024.jpg\",\"datePublished\":\"2023-01-25T19:29:23+00:00\",\"dateModified\":\"2024-12-03T17:21:54+00:00\",\"description\":\"Lehrg\u00e4nge,Hundetraining Waging Traunstein Trostberg Chiemgau Rupertiwinkel, Waging Hundetraining,Platzer Dogsport EU-Zertifizierter Sachverst\u00e4ndiger nach DIN EN ISO\\\/IEC 17024 Hundetrainer Waging,Platzer Hundetrainer,Problemhunde,Auff\u00e4llige Hunde,Hundesport,Qualifizierter Hundetrainer,Waging am See,Hunde,Zucht,\u00a711 Tierschutzgesetz,\u00a711 TierSchG,Schutzhundesport,Hundetraining,Leinenf\u00fchrigkeit,Jagdverhalten, Hundetrainer,Onlinetraining,\",\"breadcrumb\":{\"@id\":\"https:\\\/\\\/platzer-dogsport.de\\\/?page_id=1019#breadcrumb\"},\"inLanguage\":\"de\",\"potentialAction\":[{\"@type\":\"ReadAction\",\"target\":[\"https:\\\/\\\/platzer-dogsport.de\\\/?page_id=1019\"]}]},{\"@type\":\"ImageObject\",\"inLanguage\":\"de\",\"@id\":\"https:\\\/\\\/platzer-dogsport.de\\\/?page_id=1019#primaryimage\",\"url\":\"https:\\\/\\\/platzer-dogsport.de\\\/wp-content\\\/uploads\\\/2024\\\/08\\\/Platzer-Hans-Gunter-EUcert-Zertifikat_1-24-1117.jpg\",\"contentUrl\":\"https:\\\/\\\/platzer-dogsport.de\\\/wp-content\\\/uploads\\\/2024\\\/08\\\/Platzer-Hans-Gunter-EUcert-Zertifikat_1-24-1117.jpg\",\"width\":1190,\"height\":1684},{\"@type\":\"BreadcrumbList\",\"@id\":\"https:\\\/\\\/platzer-dogsport.de\\\/?page_id=1019#breadcrumb\",\"itemListElement\":[{\"@type\":\"ListItem\",\"position\":1,\"name\":\"Startseite\",\"item\":\"https:\\\/\\\/platzer-dogsport.de\\\/\"},{\"@type\":\"ListItem\",\"position\":2,\"name\":\"Lehrg\u00e4nge\"}]},{\"@type\":\"WebSite\",\"@id\":\"https:\\\/\\\/platzer-dogsport.de\\\/#website\",\"url\":\"https:\\\/\\\/platzer-dogsport.de\\\/\",\"name\":\"www.platzer-dogsport.de\",\"description\":\"EU-Zertifizierter Sachverst\u00e4ndiger nach DIN EN ISO\\\/IEC 17024\",\"publisher\":{\"@id\":\"https:\\\/\\\/platzer-dogsport.de\\\/#organization\"},\"potentialAction\":[{\"@type\":\"SearchAction\",\"target\":{\"@type\":\"EntryPoint\",\"urlTemplate\":\"https:\\\/\\\/platzer-dogsport.de\\\/?s={search_term_string}\"},\"query-input\":{\"@type\":\"PropertyValueSpecification\",\"valueRequired\":true,\"valueName\":\"search_term_string\"}}],\"inLanguage\":\"de\"},{\"@type\":\"Organization\",\"@id\":\"https:\\\/\\\/platzer-dogsport.de\\\/#organization\",\"name\":\"www.platzer-dogsport.de\",\"url\":\"https:\\\/\\\/platzer-dogsport.de\\\/\",\"logo\":{\"@type\":\"ImageObject\",\"inLanguage\":\"de\",\"@id\":\"https:\\\/\\\/platzer-dogsport.de\\\/#\\\/schema\\\/logo\\\/image\\\/\",\"url\":\"https:\\\/\\\/platzer-dogsport.de\\\/wp-content\\\/uploads\\\/2025\\\/01\\\/cropped-Sachverstaendiger-Dogsport_sw-scaled-1.jpg\",\"contentUrl\":\"https:\\\/\\\/platzer-dogsport.de\\\/wp-content\\\/uploads\\\/2025\\\/01\\\/cropped-Sachverstaendiger-Dogsport_sw-scaled-1.jpg\",\"width\":2558,\"height\":1739,\"caption\":\"www.platzer-dogsport.de\"},\"image\":{\"@id\":\"https:\\\/\\\/platzer-dogsport.de\\\/#\\\/schema\\\/logo\\\/image\\\/\"},\"sameAs\":[\"https:\\\/\\\/www.facebook.com\\\/profile.php?id=100089860960263\"]}]}<\/script>\n<!-- \/ Yoast SEO plugin. -->","yoast_head_json":{"title":"Lehrg\u00e4ngeLehrg\u00e4nge - Platzer Dogsport","description":"Lehrg\u00e4nge,Hundetraining Waging Traunstein Trostberg Chiemgau Rupertiwinkel, Waging Hundetraining,Platzer Dogsport EU-Zertifizierter Sachverst\u00e4ndiger nach DIN EN ISO\/IEC 17024 Hundetrainer Waging,Platzer Hundetrainer,Problemhunde,Auff\u00e4llige Hunde,Hundesport,Qualifizierter Hundetrainer,Waging am See,Hunde,Zucht,\u00a711 Tierschutzgesetz,\u00a711 TierSchG,Schutzhundesport,Hundetraining,Leinenf\u00fchrigkeit,Jagdverhalten, Hundetrainer,Onlinetraining,","robots":{"index":"index","follow":"follow","max-snippet":"max-snippet:-1","max-image-preview":"max-image-preview:large","max-video-preview":"max-video-preview:-1"},"canonical":"https:\/\/platzer-dogsport.de\/?page_id=1019","og_locale":"de_DE","og_type":"article","og_title":"Lehrg\u00e4ngeLehrg\u00e4nge - Platzer Dogsport","og_description":"Lehrg\u00e4nge,Hundetraining Waging Traunstein Trostberg Chiemgau Rupertiwinkel, Waging Hundetraining,Platzer Dogsport EU-Zertifizierter Sachverst\u00e4ndiger nach DIN EN ISO\/IEC 17024 Hundetrainer Waging,Platzer Hundetrainer,Problemhunde,Auff\u00e4llige Hunde,Hundesport,Qualifizierter Hundetrainer,Waging am See,Hunde,Zucht,\u00a711 Tierschutzgesetz,\u00a711 TierSchG,Schutzhundesport,Hundetraining,Leinenf\u00fchrigkeit,Jagdverhalten, Hundetrainer,Onlinetraining,","og_url":"https:\/\/platzer-dogsport.de\/?page_id=1019","og_site_name":"Platzer Dogsport","article_publisher":"https:\/\/www.facebook.com\/profile.php?id=100089860960263","article_modified_time":"2024-12-03T17:21:54+00:00","og_image":[{"width":1190,"height":1684,"url":"https:\/\/platzer-dogsport.de\/wp-content\/uploads\/2024\/08\/Platzer-Hans-Gunter-EUcert-Zertifikat_1-24-1117.jpg","type":"image\/jpeg"}],"twitter_card":"summary_large_image","twitter_misc":{"Gesch\u00e4tzte Lesezeit":"2\u00a0Minuten"},"schema":{"@context":"https:\/\/schema.org","@graph":[{"@type":"WebPage","@id":"https:\/\/platzer-dogsport.de\/?page_id=1019","url":"https:\/\/platzer-dogsport.de\/?page_id=1019","name":"Lehrg\u00e4ngeLehrg\u00e4nge - Platzer Dogsport","isPartOf":{"@id":"https:\/\/platzer-dogsport.de\/#website"},"primaryImageOfPage":{"@id":"https:\/\/platzer-dogsport.de\/?page_id=1019#primaryimage"},"image":{"@id":"https:\/\/platzer-dogsport.de\/?page_id=1019#primaryimage"},"thumbnailUrl":"https:\/\/platzer-dogsport.de\/wp-content\/uploads\/2024\/08\/Platzer-Hans-Gunter-EUcert-Zertifikat_1-24-1117-724x1024.jpg","datePublished":"2023-01-25T19:29:23+00:00","dateModified":"2024-12-03T17:21:54+00:00","description":"Lehrg\u00e4nge,Hundetraining Waging Traunstein Trostberg Chiemgau Rupertiwinkel, Waging Hundetraining,Platzer Dogsport EU-Zertifizierter Sachverst\u00e4ndiger nach DIN EN ISO\/IEC 17024 Hundetrainer Waging,Platzer Hundetrainer,Problemhunde,Auff\u00e4llige Hunde,Hundesport,Qualifizierter Hundetrainer,Waging am See,Hunde,Zucht,\u00a711 Tierschutzgesetz,\u00a711 TierSchG,Schutzhundesport,Hundetraining,Leinenf\u00fchrigkeit,Jagdverhalten, Hundetrainer,Onlinetraining,","breadcrumb":{"@id":"https:\/\/platzer-dogsport.de\/?page_id=1019#breadcrumb"},"inLanguage":"de","potentialAction":[{"@type":"ReadAction","target":["https:\/\/platzer-dogsport.de\/?page_id=1019"]}]},{"@type":"ImageObject","inLanguage":"de","@id":"https:\/\/platzer-dogsport.de\/?page_id=1019#primaryimage","url":"https:\/\/platzer-dogsport.de\/wp-content\/uploads\/2024\/08\/Platzer-Hans-Gunter-EUcert-Zertifikat_1-24-1117.jpg","contentUrl":"https:\/\/platzer-dogsport.de\/wp-content\/uploads\/2024\/08\/Platzer-Hans-Gunter-EUcert-Zertifikat_1-24-1117.jpg","width":1190,"height":1684},{"@type":"BreadcrumbList","@id":"https:\/\/platzer-dogsport.de\/?page_id=1019#breadcrumb","itemListElement":[{"@type":"ListItem","position":1,"name":"Startseite","item":"https:\/\/platzer-dogsport.de\/"},{"@type":"ListItem","position":2,"name":"Lehrg\u00e4nge"}]},{"@type":"WebSite","@id":"https:\/\/platzer-dogsport.de\/#website","url":"https:\/\/platzer-dogsport.de\/","name":"www.platzer-dogsport.de","description":"EU-Zertifizierter Sachverst\u00e4ndiger nach DIN EN ISO\/IEC 17024","publisher":{"@id":"https:\/\/platzer-dogsport.de\/#organization"},"potentialAction":[{"@type":"SearchAction","target":{"@type":"EntryPoint","urlTemplate":"https:\/\/platzer-dogsport.de\/?s={search_term_string}"},"query-input":{"@type":"PropertyValueSpecification","valueRequired":true,"valueName":"search_term_string"}}],"inLanguage":"de"},{"@type":"Organization","@id":"https:\/\/platzer-dogsport.de\/#organization","name":"www.platzer-dogsport.de","url":"https:\/\/platzer-dogsport.de\/","logo":{"@type":"ImageObject","inLanguage":"de","@id":"https:\/\/platzer-dogsport.de\/#\/schema\/logo\/image\/","url":"https:\/\/platzer-dogsport.de\/wp-content\/uploads\/2025\/01\/cropped-Sachverstaendiger-Dogsport_sw-scaled-1.jpg","contentUrl":"https:\/\/platzer-dogsport.de\/wp-content\/uploads\/2025\/01\/cropped-Sachverstaendiger-Dogsport_sw-scaled-1.jpg","width":2558,"height":1739,"caption":"www.platzer-dogsport.de"},"image":{"@id":"https:\/\/platzer-dogsport.de\/#\/schema\/logo\/image\/"},"sameAs":["https:\/\/www.facebook.com\/profile.php?id=100089860960263"]}]}},"_links":{"self":[{"href":"https:\/\/platzer-dogsport.de\/index.php?rest_route=\/wp\/v2\/pages\/1019","targetHints":{"allow":["GET"]}}],"collection":[{"href":"https:\/\/platzer-dogsport.de\/index.php?rest_route=\/wp\/v2\/pages"}],"about":[{"href":"https:\/\/platzer-dogsport.de\/index.php?rest_route=\/wp\/v2\/types\/page"}],"author":[{"embeddable":true,"href":"https:\/\/platzer-dogsport.de\/index.php?rest_route=\/wp\/v2\/users\/1"}],"replies":[{"embeddable":true,"href":"https:\/\/platzer-dogsport.de\/index.php?rest_route=%2Fwp%2Fv2%2Fcomments&post=1019"}],"version-history":[{"count":10,"href":"https:\/\/platzer-dogsport.de\/index.php?rest_route=\/wp\/v2\/pages\/1019\/revisions"}],"predecessor-version":[{"id":3850,"href":"https:\/\/platzer-dogsport.de\/index.php?rest_route=\/wp\/v2\/pages\/1019\/revisions\/3850"}],"wp:attachment":[{"href":"https:\/\/platzer-dogsport.de\/index.php?rest_route=%2Fwp%2Fv2%2Fmedia&parent=1019"}],"curies":[{"name":"wp","href":"https:\/\/api.w.org\/{rel}","templated":true}]}}